{"id":65,"date":"2013-11-13T10:03:43","date_gmt":"2013-11-13T10:03:43","guid":{"rendered":"http:\/\/bochum-implantate.de\/?page_id=65"},"modified":"2022-06-20T12:02:54","modified_gmt":"2022-06-20T12:02:54","slug":"blog-impressum","status":"publish","type":"page","link":"https:\/\/bochum-implantate.de\/?page_id=65","title":{"rendered":"Blog-Impressum"},"content":{"rendered":"<p><strong>Impressum:<\/strong><br \/>\nbochum-implantate.de<br \/>\nEin Blogspot des Zahnarztzentrums in Bochum,<br \/>\nZahn\u00e4rztlichen Praxisgemeinschaft:<br \/>\nDr. med. dent. G\u00fcnter Leugner &amp; Zahnarzt Andreas Leugner,<br \/>\nHerner Stra\u00dfe 367, 44807 Bochum, Telefon: 0234-53 30 44, Telefax: 0234-95 36 85 8, Email: dr.g.leugner@t-online.de,<br \/>\nUSt-IdNr.: DE 259377235<br \/>\nBerufsbezeichnung: Zahn\u00e4rzte \/ Titel erworben in Deutschland<br \/>\nDr. med. dent. G\u00fcnter Leugner ist verantwortlicher Betreiber.<\/p>\n<p>Zum beruflichen Regelwerk:<br \/>\nZahn\u00e4rztekammer Westfalen-Lippe<br \/>\nAuf der Horst 29,<br \/>\n48147 M\u00fcnster,<br \/>\nTel: 0251-507-0,<br \/>\nhttp:\/\/www.zahnaerzte-wl.de<\/p>\n<p>Kassenzahn\u00e4rztliche Vereinigung Westfalen-Lippe<br \/>\nAuf der Horst 25,<br \/>\n48147 M\u00fcnster,<br \/>\nTel: 0251-507-0<\/p>\n<p>Berufsordnung der Zahn\u00e4rztekammer Westfalen-Lippe<\/p>\n<p><strong>Dr. G\u00fcnter Leugner, Bochum, 2011\/2012\/2013\/2014\/2015\/2016\/2017 copyright<\/strong><\/p>\n<p>Alle Angaben auf dieser Website sind nach bestem Wissen und Gewissen gemacht worden.<br \/>\nSie ersetzen aber keinesfalls einen Besuch beim Arzt oder Zahnarzt.<br \/>\nRechtliche Anspr\u00fcche werden ausdr\u00fccklich ausgeschlossen.<br \/>\nDie Informationen auf unserer Homepage stellen keine Empfehlungen<br \/>\noder Bewerbungen von Pr\u00e4paraten oder Methoden dar.<br \/>\nSie ersetzen auch nicht die fachliche Beratung durch einen<br \/>\nArzt oder Apotheker.<\/p>\n<p>http:\/\/www.zahndoc-leugner.de<br \/>\nhttp:\/\/www.zahnarzt-bochum.de<\/p>\n","protected":false},"excerpt":{"rendered":"<p>Impressum: bochum-implantate.de Ein Blogspot des Zahnarztzentrums in Bochum, Zahn\u00e4rztlichen Praxisgemeinschaft: Dr. med. dent. G\u00fcnter Leugner &amp; Zahnarzt Andreas Leugner, Herner Stra\u00dfe 367, 44807 Bochum, Telefon: 0234-53 30 44, Telefax: 0234-95 36 85 8, Email: dr.g.leugner@t-online.de, USt-IdNr.: DE 259377235 Berufsbezeichnung: Zahn\u00e4rzte \/ Titel erworben in Deutschland Dr. med. dent. G\u00fcnter Leugner ist verantwortlicher Betreiber. Zum beruflichen [&hellip;]<\/p>\n","protected":false},"author":1,"featured_media":0,"parent":0,"menu_order":1,"comment_status":"closed","ping_status":"closed","template":"","meta":{"footnotes":""},"class_list":["post-65","page","type-page","status-publish","hentry"],"_links":{"self":[{"href":"https:\/\/bochum-implantate.de\/index.php?rest_route=\/wp\/v2\/pages\/65","targetHints":{"allow":["GET"]}}],"collection":[{"href":"https:\/\/bochum-implantate.de\/index.php?rest_route=\/wp\/v2\/pages"}],"about":[{"href":"https:\/\/bochum-implantate.de\/index.php?rest_route=\/wp\/v2\/types\/page"}],"author":[{"embeddable":true,"href":"https:\/\/bochum-implantate.de\/index.php?rest_route=\/wp\/v2\/users\/1"}],"replies":[{"embeddable":true,"href":"https:\/\/bochum-implantate.de\/index.php?rest_route=%2Fwp%2Fv2%2Fcomments&post=65"}],"version-history":[{"count":7,"href":"https:\/\/bochum-implantate.de\/index.php?rest_route=\/wp\/v2\/pages\/65\/revisions"}],"predecessor-version":[{"id":207,"href":"https:\/\/bochum-implantate.de\/index.php?rest_route=\/wp\/v2\/pages\/65\/revisions\/207"}],"wp:attachment":[{"href":"https:\/\/bochum-implantate.de\/index.php?rest_route=%2Fwp%2Fv2%2Fmedia&parent=65"}],"curies":[{"name":"wp","href":"https:\/\/api.w.org\/{rel}","templated":true}]}}